{"id":2412,"date":"2024-12-02T18:25:19","date_gmt":"2024-12-02T18:25:19","guid":{"rendered":"https:\/\/hydrasearch.com\/news\/"},"modified":"2026-05-04T14:30:50","modified_gmt":"2026-05-04T14:30:50","slug":"news","status":"publish","type":"page","link":"https:\/\/hydrasearch.com\/fr\/news\/","title":{"rendered":"News"},"content":{"rendered":"\t\t<div data-elementor-type=\"wp-page\" data-elementor-id=\"2412\" class=\"elementor elementor-2412 elementor-431\" data-elementor-post-type=\"page\">\n\t\t\t\t<div class=\"elementor-element elementor-element-45ae766 e-con-full e-flex e-con e-parent\" data-id=\"45ae766\" data-element_type=\"container\" data-e-type=\"container\" data-settings=\"{&quot;background_background&quot;:&quot;classic&quot;}\">\n\t\t\t\t<div class=\"elementor-element elementor-element-204b2a5 elementor-widget elementor-widget-spacer\" data-id=\"204b2a5\" data-element_type=\"widget\" data-e-type=\"widget\" data-widget_type=\"spacer.default\">\n\t\t\t\t<div class=\"elementor-widget-container\">\n\t\t\t\t\t\t\t<div class=\"elementor-spacer\">\n\t\t\t<div class=\"elementor-spacer-inner\"><\/div>\n\t\t<\/div>\n\t\t\t\t\t\t<\/div>\n\t\t\t\t<\/div>\n\t\t<div class=\"elementor-element elementor-element-4fa1a2f e-flex e-con-boxed e-con e-child\" data-id=\"4fa1a2f\" data-element_type=\"container\" data-e-type=\"container\">\n\t\t\t\t\t<div class=\"e-con-inner\">\n\t\t<div class=\"elementor-element elementor-element-a1eb8dc e-flex e-con-boxed e-con e-child\" data-id=\"a1eb8dc\" data-element_type=\"container\" data-e-type=\"container\">\n\t\t\t\t\t<div class=\"e-con-inner\">\n\t\t\t\t<div class=\"elementor-element elementor-element-9e158fa elementor-widget elementor-widget-heading\" data-id=\"9e158fa\" data-element_type=\"widget\" data-e-type=\"widget\" data-widget_type=\"heading.default\">\n\t\t\t\t<div class=\"elementor-widget-container\">\n\t\t\t\t\t<h1 class=\"elementor-heading-title elementor-size-default\">Actualit\u00e9s<\/h1>\t\t\t\t<\/div>\n\t\t\t\t<\/div>\n\t\t\t\t<div class=\"elementor-element elementor-element-63fb65d elementor-widget elementor-widget-text-editor\" data-id=\"63fb65d\" data-element_type=\"widget\" data-e-type=\"widget\" data-widget_type=\"text-editor.default\">\n\t\t\t\t<div class=\"elementor-widget-container\">\n\t\t\t\t\t\t\t\t\t<p style=\"color: white; text-shadow: -1px -1px 0 #00254d, 1px -1px 0 #00254d, -1px 1px 0 #00254d, 1px 1px 0 #000000;\">Restez inform\u00e9 des derni\u00e8res actualit\u00e9s, mises \u00e0 jour et \u00e9volutions chez Hydrasearch. Des lancements de produits et innovations aux analyses du secteur et aux \u00e9tapes importantes de l&rsquo;entreprise, notre page Actualit\u00e9s vous tient au courant de tout ce qui se passe dans notre univers. Que vous soyez client, partenaire ou professionnel du secteur, c&rsquo;est ici que vous resterez inform\u00e9 des derni\u00e8res avanc\u00e9es et annonces.<\/p>\t\t\t\t\t\t\t\t<\/div>\n\t\t\t\t<\/div>\n\t\t\t\t\t<\/div>\n\t\t\t\t<\/div>\n\t\t\t\t\t<\/div>\n\t\t\t\t<\/div>\n\t\t<div class=\"elementor-element elementor-element-2f9a607 e-flex e-con-boxed e-con e-child\" data-id=\"2f9a607\" data-element_type=\"container\" data-e-type=\"container\">\n\t\t\t\t\t<div class=\"e-con-inner\">\n\t\t\t\t<div class=\"elementor-element elementor-element-61553fe elementor-widget elementor-widget-heading\" data-id=\"61553fe\" data-element_type=\"widget\" data-e-type=\"widget\" data-widget_type=\"heading.default\">\n\t\t\t\t<div class=\"elementor-widget-container\">\n\t\t\t\t\t<div class=\"elementor-heading-title elementor-size-default\">Suivez-nous :<\/div>\t\t\t\t<\/div>\n\t\t\t\t<\/div>\n\t\t<div class=\"elementor-element elementor-element-e9aada5 e-con-full e-flex e-con e-child\" data-id=\"e9aada5\" data-element_type=\"container\" data-e-type=\"container\">\n\t\t\t\t<div class=\"elementor-element elementor-element-b20d24f e-grid-align-tablet-right e-grid-align-mobile-center elementor-widget-tablet__width-inherit elementor-shape-rounded elementor-grid-0 e-grid-align-center elementor-widget elementor-widget-social-icons\" data-id=\"b20d24f\" data-element_type=\"widget\" data-e-type=\"widget\" data-widget_type=\"social-icons.default\">\n\t\t\t\t<div class=\"elementor-widget-container\">\n\t\t\t\t\t\t\t<div class=\"elementor-social-icons-wrapper elementor-grid\" role=\"list\">\n\t\t\t\t\t\t\t<span class=\"elementor-grid-item\" role=\"listitem\">\n\t\t\t\t\t<a class=\"elementor-icon elementor-social-icon elementor-social-icon-facebook elementor-repeater-item-dd4b365\" href=\"https:\/\/www.facebook.com\/hydrasearchcompanyllc\" target=\"_blank\" rel=\"noopener\">\n\t\t\t\t\t\t<span class=\"elementor-screen-only\">Facebook<\/span>\n\t\t\t\t\t\t<svg aria-hidden=\"true\" class=\"e-font-icon-svg e-fab-facebook\" viewBox=\"0 0 512 512\" xmlns=\"http:\/\/www.w3.org\/2000\/svg\"><path d=\"M504 256C504 119 393 8 256 8S8 119 8 256c0 123.78 90.69 226.38 209.25 245V327.69h-63V256h63v-54.64c0-62.15 37-96.48 93.67-96.48 27.14 0 55.52 4.84 55.52 4.84v61h-31.28c-30.8 0-40.41 19.12-40.41 38.73V256h68.78l-11 71.69h-57.78V501C413.31 482.38 504 379.78 504 256z\"><\/path><\/svg>\t\t\t\t\t<\/a>\n\t\t\t\t<\/span>\n\t\t\t\t\t\t\t<span class=\"elementor-grid-item\" role=\"listitem\">\n\t\t\t\t\t<a class=\"elementor-icon elementor-social-icon elementor-social-icon- elementor-repeater-item-55d320c\" href=\"https:\/\/www.instagram.com\/hydrasearchcompanyllc\" target=\"_blank\" rel=\"noopener\">\n\t\t\t\t\t\t<span class=\"elementor-screen-only\"><\/span>\n\t\t\t\t\t\t<svg xmlns=\"http:\/\/www.w3.org\/2000\/svg\" fill=\"#000000\" width=\"800px\" height=\"800px\" viewBox=\"0 0 24 24\" data-name=\"Layer 1\"><path d=\"M12,9.52A2.48,2.48,0,1,0,14.48,12,2.48,2.48,0,0,0,12,9.52Zm9.93-2.45a6.53,6.53,0,0,0-.42-2.26,4,4,0,0,0-2.32-2.32,6.53,6.53,0,0,0-2.26-.42C15.64,2,15.26,2,12,2s-3.64,0-4.93.07a6.53,6.53,0,0,0-2.26.42A4,4,0,0,0,2.49,4.81a6.53,6.53,0,0,0-.42,2.26C2,8.36,2,8.74,2,12s0,3.64.07,4.93a6.86,6.86,0,0,0,.42,2.27,3.94,3.94,0,0,0,.91,1.4,3.89,3.89,0,0,0,1.41.91,6.53,6.53,0,0,0,2.26.42C8.36,22,8.74,22,12,22s3.64,0,4.93-.07a6.53,6.53,0,0,0,2.26-.42,3.89,3.89,0,0,0,1.41-.91,3.94,3.94,0,0,0,.91-1.4,6.6,6.6,0,0,0,.42-2.27C22,15.64,22,15.26,22,12S22,8.36,21.93,7.07Zm-2.54,8A5.73,5.73,0,0,1,19,16.87,3.86,3.86,0,0,1,16.87,19a5.73,5.73,0,0,1-1.81.35c-.79,0-1,0-3.06,0s-2.27,0-3.06,0A5.73,5.73,0,0,1,7.13,19a3.51,3.51,0,0,1-1.31-.86A3.51,3.51,0,0,1,5,16.87a5.49,5.49,0,0,1-.34-1.81c0-.79,0-1,0-3.06s0-2.27,0-3.06A5.49,5.49,0,0,1,5,7.13a3.51,3.51,0,0,1,.86-1.31A3.59,3.59,0,0,1,7.13,5a5.73,5.73,0,0,1,1.81-.35h0c.79,0,1,0,3.06,0s2.27,0,3.06,0A5.73,5.73,0,0,1,16.87,5a3.51,3.51,0,0,1,1.31.86A3.51,3.51,0,0,1,19,7.13a5.73,5.73,0,0,1,.35,1.81c0,.79,0,1,0,3.06S19.42,14.27,19.39,15.06Zm-1.6-7.44a2.38,2.38,0,0,0-1.41-1.41A4,4,0,0,0,15,6c-.78,0-1,0-3,0s-2.22,0-3,0a4,4,0,0,0-1.38.26A2.38,2.38,0,0,0,6.21,7.62,4.27,4.27,0,0,0,6,9c0,.78,0,1,0,3s0,2.22,0,3a4.27,4.27,0,0,0,.26,1.38,2.38,2.38,0,0,0,1.41,1.41A4.27,4.27,0,0,0,9,18.05H9c.78,0,1,0,3,0s2.22,0,3,0a4,4,0,0,0,1.38-.26,2.38,2.38,0,0,0,1.41-1.41A4,4,0,0,0,18.05,15c0-.78,0-1,0-3s0-2.22,0-3A3.78,3.78,0,0,0,17.79,7.62ZM12,15.82A3.81,3.81,0,0,1,8.19,12h0A3.82,3.82,0,1,1,12,15.82Zm4-6.89a.9.9,0,0,1,0-1.79h0a.9.9,0,0,1,0,1.79Z\"><\/path><\/svg>\t\t\t\t\t<\/a>\n\t\t\t\t<\/span>\n\t\t\t\t\t\t\t<span class=\"elementor-grid-item\" role=\"listitem\">\n\t\t\t\t\t<a class=\"elementor-icon elementor-social-icon elementor-social-icon-youtube elementor-repeater-item-c562513\" href=\"https:\/\/www.youtube.com\/channel\/UCMCpH9qxCyODKT2AO2aO7aQ\/featured\" target=\"_blank\" rel=\"noopener\">\n\t\t\t\t\t\t<span class=\"elementor-screen-only\">Youtube<\/span>\n\t\t\t\t\t\t<svg aria-hidden=\"true\" class=\"e-font-icon-svg e-fab-youtube\" viewBox=\"0 0 576 512\" xmlns=\"http:\/\/www.w3.org\/2000\/svg\"><path d=\"M549.655 124.083c-6.281-23.65-24.787-42.276-48.284-48.597C458.781 64 288 64 288 64S117.22 64 74.629 75.486c-23.497 6.322-42.003 24.947-48.284 48.597-11.412 42.867-11.412 132.305-11.412 132.305s0 89.438 11.412 132.305c6.281 23.65 24.787 41.5 48.284 47.821C117.22 448 288 448 288 448s170.78 0 213.371-11.486c23.497-6.321 42.003-24.171 48.284-47.821 11.412-42.867 11.412-132.305 11.412-132.305s0-89.438-11.412-132.305zm-317.51 213.508V175.185l142.739 81.205-142.739 81.201z\"><\/path><\/svg>\t\t\t\t\t<\/a>\n\t\t\t\t<\/span>\n\t\t\t\t\t\t\t<span class=\"elementor-grid-item\" role=\"listitem\">\n\t\t\t\t\t<a class=\"elementor-icon elementor-social-icon elementor-social-icon-linkedin elementor-repeater-item-ed4b31b\" href=\"https:\/\/www.linkedin.com\/company\/hydrasearch\" target=\"_blank\" rel=\"noopener\">\n\t\t\t\t\t\t<span class=\"elementor-screen-only\">Linkedin<\/span>\n\t\t\t\t\t\t<svg aria-hidden=\"true\" class=\"e-font-icon-svg e-fab-linkedin\" viewBox=\"0 0 448 512\" xmlns=\"http:\/\/www.w3.org\/2000\/svg\"><path d=\"M416 32H31.9C14.3 32 0 46.5 0 64.3v383.4C0 465.5 14.3 480 31.9 480H416c17.6 0 32-14.5 32-32.3V64.3c0-17.8-14.4-32.3-32-32.3zM135.4 416H69V202.2h66.5V416zm-33.2-243c-21.3 0-38.5-17.3-38.5-38.5S80.9 96 102.2 96c21.2 0 38.5 17.3 38.5 38.5 0 21.3-17.2 38.5-38.5 38.5zm282.1 243h-66.4V312c0-24.8-.5-56.7-34.5-56.7-34.6 0-39.9 27-39.9 54.9V416h-66.4V202.2h63.7v29.2h.9c8.9-16.8 30.6-34.5 62.9-34.5 67.2 0 79.7 44.3 79.7 101.9V416z\"><\/path><\/svg>\t\t\t\t\t<\/a>\n\t\t\t\t<\/span>\n\t\t\t\t\t<\/div>\n\t\t\t\t\t\t<\/div>\n\t\t\t\t<\/div>\n\t\t\t\t<\/div>\n\t\t\t\t\t<\/div>\n\t\t\t\t<\/div>\n\t\t\t\t<\/div>\n\t\t<div class=\"elementor-element elementor-element-ec543b4 e-con-full parent-container1 e-flex e-con e-parent\" data-id=\"ec543b4\" data-element_type=\"container\" data-e-type=\"container\" data-settings=\"{&quot;background_background&quot;:&quot;classic&quot;}\">\n\t\t<div class=\"elementor-element elementor-element-77ad087 e-flex e-con-boxed e-con e-child\" data-id=\"77ad087\" data-element_type=\"container\" data-e-type=\"container\">\n\t\t\t\t\t<div class=\"e-con-inner\">\n\t\t\t\t<div class=\"elementor-element elementor-element-44a2e8a elementor-widget elementor-widget-heading\" data-id=\"44a2e8a\" data-element_type=\"widget\" data-e-type=\"widget\" data-widget_type=\"heading.default\">\n\t\t\t\t<div class=\"elementor-widget-container\">\n\t\t\t\t\t<h2 class=\"elementor-heading-title elementor-size-default\">Derni\u00e8res nouvelles<\/h2>\t\t\t\t<\/div>\n\t\t\t\t<\/div>\n\t\t\t\t<div class=\"elementor-element elementor-element-fb76bff elementor-grid-3 elementor-grid-tablet-2 elementor-grid-mobile-1 elementor-widget elementor-widget-loop-grid\" data-id=\"fb76bff\" data-element_type=\"widget\" data-e-type=\"widget\" data-settings=\"{&quot;template_id&quot;:432,&quot;columns&quot;:3,&quot;masonry&quot;:&quot;yes&quot;,&quot;alternate_template&quot;:&quot;yes&quot;,&quot;pagination_type&quot;:&quot;numbers_and_prev_next&quot;,&quot;row_gap&quot;:{&quot;unit&quot;:&quot;px&quot;,&quot;size&quot;:30,&quot;sizes&quot;:[]},&quot;row_gap_tablet&quot;:{&quot;unit&quot;:&quot;px&quot;,&quot;size&quot;:25,&quot;sizes&quot;:[]},&quot;pagination_load_type&quot;:&quot;ajax&quot;,&quot;_skin&quot;:&quot;post&quot;,&quot;columns_tablet&quot;:&quot;2&quot;,&quot;columns_mobile&quot;:&quot;1&quot;,&quot;edit_handle_selector&quot;:&quot;[data-elementor-type=\\&quot;loop-item\\&quot;]&quot;,&quot;row_gap_mobile&quot;:{&quot;unit&quot;:&quot;px&quot;,&quot;size&quot;:&quot;&quot;,&quot;sizes&quot;:[]}}\" data-widget_type=\"loop-grid.post\">\n\t\t\t\t<div class=\"elementor-widget-container\">\n\t\t\t\t\t\t\t<div class=\"e-loop-nothing-found-message\">\n\t\t\t\t\t<div class=\"e-loop-nothing-found-message__text\">\n\t\t\t\tIt seems we can\u2019t find what you\u2019re looking for.\t\t\t<\/div>\n\t\t\t<\/div>\n\t\t\t\t\t\t<\/div>\n\t\t\t\t<\/div>\n\t\t\t\t\t<\/div>\n\t\t\t\t<\/div>\n\t\t\t\t<\/div>\n\t\t<div class=\"elementor-element elementor-element-45e1331 e-flex e-con-boxed e-con e-parent\" data-id=\"45e1331\" data-element_type=\"container\" data-e-type=\"container\">\n\t\t\t\t\t<div class=\"e-con-inner\">\n\t\t\t\t<div class=\"elementor-element elementor-element-b30fabe elementor-widget elementor-widget-heading\" data-id=\"b30fabe\" data-element_type=\"widget\" data-e-type=\"widget\" data-widget_type=\"heading.default\">\n\t\t\t\t<div class=\"elementor-widget-container\">\n\t\t\t\t\t<h2 class=\"elementor-heading-title elementor-size-default\">Certifications<\/h2>\t\t\t\t<\/div>\n\t\t\t\t<\/div>\n\t\t<div class=\"elementor-element elementor-element-50c2bd4 e-con-full e-flex e-con e-child\" data-id=\"50c2bd4\" data-element_type=\"container\" data-e-type=\"container\">\n\t\t<div class=\"elementor-element elementor-element-0ec0bdd e-con-full elementor-column elementor-hidden-desktop elementor-hidden-tablet elementor-hidden-mobile e-flex e-con e-child\" data-id=\"0ec0bdd\" data-element_type=\"container\" data-e-type=\"container\" data-settings=\"{&quot;background_background&quot;:&quot;classic&quot;}\">\n\t\t\t\t<\/div>\n\t\t<div class=\"elementor-element elementor-element-e564597 e-con-full elementor-column e-flex e-con e-child\" data-id=\"e564597\" data-element_type=\"container\" data-e-type=\"container\" data-settings=\"{&quot;background_background&quot;:&quot;classic&quot;}\">\n\t\t\t\t<div class=\"elementor-element elementor-element-119da7f elementor-widget elementor-widget-html\" data-id=\"119da7f\" data-element_type=\"widget\" data-e-type=\"widget\" data-widget_type=\"html.default\">\n\t\t\t\t<div class=\"elementor-widget-container\">\n\t\t\t\t\t<a href=\"\/wp-content\/uploads\/2025\/06\/Hydrasearch-17760603-Final-Certificate_11-20-23.pdf\" target=\"_blank\" class=\"custom-button2\">\r\n    <span class=\"icon-container2\">\r\n        <svg width=\"22\" height=\"31\" viewBox=\"0 0 32 31\" fill=\"none\" xmlns=\"http:\/\/www.w3.org\/2000\/svg\" class=\"svg-icon2\">\r\n            <circle cx=\"16.1735\" cy=\"15.7775\" r=\"15.1935\" class=\"svg-circle2\" fill=\"#00254D\"\/>\r\n            <path d=\"M12.9144 9.96094H21.439V18.4855M21.439 9.96094L11.2095 20.1904L21.439 9.96094Z\" class=\"svg-arrow2\" stroke=\"white\" stroke-width=\"1.70492\" stroke-linecap=\"round\" stroke-linejoin=\"round\"\/>\r\n        <\/svg>\r\n    <\/span>\r\n   <span style=\"font-weight: bold;\"> Explore<\/span>\r\n<\/a>\r\n\t\t\t\t<\/div>\n\t\t\t\t<\/div>\n\t\t\t\t<\/div>\n\t\t<div class=\"elementor-element elementor-element-9d0f8ed e-con-full elementor-column e-flex e-con e-child\" data-id=\"9d0f8ed\" data-element_type=\"container\" data-e-type=\"container\" data-settings=\"{&quot;background_background&quot;:&quot;classic&quot;}\">\n\t\t\t\t<div class=\"elementor-element elementor-element-b53ff07 elementor-widget elementor-widget-html\" data-id=\"b53ff07\" data-element_type=\"widget\" data-e-type=\"widget\" data-widget_type=\"html.default\">\n\t\t\t\t<div class=\"elementor-widget-container\">\n\t\t\t\t\t<a href=\"\/wp-content\/uploads\/2025\/06\/Hydrasearch-17760603-Final-Certificate_11-20-23.pdf\" target=\"_blank\" class=\"custom-button2\">\r\n    <span class=\"icon-container2\">\r\n        <svg width=\"22\" height=\"31\" viewBox=\"0 0 32 31\" fill=\"none\" xmlns=\"http:\/\/www.w3.org\/2000\/svg\" class=\"svg-icon2\">\r\n            <circle cx=\"16.1735\" cy=\"15.7775\" r=\"15.1935\" class=\"svg-circle2\" fill=\"#00254D\"\/>\r\n            <path d=\"M12.9144 9.96094H21.439V18.4855M21.439 9.96094L11.2095 20.1904L21.439 9.96094Z\" class=\"svg-arrow2\" stroke=\"white\" stroke-width=\"1.70492\" stroke-linecap=\"round\" stroke-linejoin=\"round\"\/>\r\n        <\/svg>\r\n    <\/span>\r\n   <span style=\"font-weight: bold;\"> Explore<\/span>\r\n<\/a>\r\n\t\t\t\t<\/div>\n\t\t\t\t<\/div>\n\t\t\t\t<\/div>\n\t\t<div class=\"elementor-element elementor-element-55f3e4f e-con-full elementor-column e-flex e-con e-child\" data-id=\"55f3e4f\" data-element_type=\"container\" data-e-type=\"container\" data-settings=\"{&quot;background_background&quot;:&quot;classic&quot;}\">\n\t\t\t\t<div class=\"elementor-element elementor-element-0a9477d elementor-widget elementor-widget-html\" data-id=\"0a9477d\" data-element_type=\"widget\" data-e-type=\"widget\" data-widget_type=\"html.default\">\n\t\t\t\t<div class=\"elementor-widget-container\">\n\t\t\t\t\t<a href=\"\/wp-content\/uploads\/2025\/06\/Hydrasearch_Company_LLC_-_RINA_Certification.pdf\" target=\"_blank\" class=\"custom-button2\">\r\n    <span class=\"icon-container2\">\r\n        <svg width=\"22\" height=\"31\" viewBox=\"0 0 32 31\" fill=\"none\" xmlns=\"http:\/\/www.w3.org\/2000\/svg\" class=\"svg-icon2\">\r\n            <circle cx=\"16.1735\" cy=\"15.7775\" r=\"15.1935\" class=\"svg-circle2\" fill=\"#00254D\"\/>\r\n            <path d=\"M12.9144 9.96094H21.439V18.4855M21.439 9.96094L11.2095 20.1904L21.439 9.96094Z\" class=\"svg-arrow2\" stroke=\"white\" stroke-width=\"1.70492\" stroke-linecap=\"round\" stroke-linejoin=\"round\"\/>\r\n        <\/svg>\r\n    <\/span>\r\n   <span style=\"font-weight: bold;\"> Explore<\/span>\r\n<\/a>\r\n\t\t\t\t<\/div>\n\t\t\t\t<\/div>\n\t\t\t\t<\/div>\n\t\t\t\t<\/div>\n\t\t\t\t\t<\/div>\n\t\t\t\t<\/div>\n\t\t<div class=\"elementor-element elementor-element-2ff2f210 e-flex e-con-boxed e-con e-parent\" data-id=\"2ff2f210\" data-element_type=\"container\" data-e-type=\"container\" data-settings=\"{&quot;background_background&quot;:&quot;classic&quot;}\">\n\t\t\t\t\t<div class=\"e-con-inner\">\n\t\t<div class=\"elementor-element elementor-element-4d67a012 e-flex e-con-boxed e-con e-child\" data-id=\"4d67a012\" data-element_type=\"container\" data-e-type=\"container\">\n\t\t\t\t\t<div class=\"e-con-inner\">\n\t\t\t\t<div class=\"elementor-element elementor-element-6495d363 elementor-arrows-position-inside elementor-widget elementor-widget-n-carousel\" data-id=\"6495d363\" data-element_type=\"widget\" data-e-type=\"widget\" data-settings=\"{&quot;carousel_items&quot;:[{&quot;slide_title&quot;:&quot;Slide #1&quot;,&quot;_id&quot;:&quot;cc4af64&quot;},{&quot;slide_title&quot;:&quot;Slide #2&quot;,&quot;_id&quot;:&quot;be04b52&quot;},{&quot;slide_title&quot;:&quot;Slide #3&quot;,&quot;_id&quot;:&quot;a88a9bb&quot;},{&quot;_id&quot;:&quot;b432da0&quot;,&quot;slide_title&quot;:&quot;Slide #4&quot;}],&quot;slides_to_show&quot;:&quot;4&quot;,&quot;slides_to_show_tablet&quot;:&quot;2&quot;,&quot;slides_to_show_mobile&quot;:&quot;1&quot;,&quot;autoplay&quot;:&quot;yes&quot;,&quot;autoplay_speed&quot;:5000,&quot;pause_on_hover&quot;:&quot;yes&quot;,&quot;pause_on_interaction&quot;:&quot;yes&quot;,&quot;infinite&quot;:&quot;yes&quot;,&quot;speed&quot;:500,&quot;offset_sides&quot;:&quot;none&quot;,&quot;arrows&quot;:&quot;yes&quot;,&quot;image_spacing_custom&quot;:{&quot;unit&quot;:&quot;px&quot;,&quot;size&quot;:10,&quot;sizes&quot;:[]},&quot;image_spacing_custom_tablet&quot;:{&quot;unit&quot;:&quot;px&quot;,&quot;size&quot;:&quot;&quot;,&quot;sizes&quot;:[]},&quot;image_spacing_custom_mobile&quot;:{&quot;unit&quot;:&quot;px&quot;,&quot;size&quot;:&quot;&quot;,&quot;sizes&quot;:[]}}\" data-widget_type=\"nested-carousel.default\">\n\t\t\t\t<div class=\"elementor-widget-container\">\n\t\t\t\t\t\t\t<div class=\"e-n-carousel swiper\" role=\"region\" aria-roledescription=\"carousel\" aria-label=\"Carousel\" dir=\"ltr\">\n\t\t\t<div class=\"swiper-wrapper\" aria-live=\"off\">\n\t\t\t\t\t\t\t\t\t\t<div class=\"swiper-slide\" data-slide=\"1\" role=\"group\" aria-roledescription=\"slide\" aria-label=\"1 sur 4\">\n\t\t\t\t\t\t\t<div class=\"elementor-element elementor-element-5704206e e-flex e-con-boxed e-con e-child\" data-id=\"5704206e\" data-element_type=\"container\" data-e-type=\"container\">\n\t\t\t\t\t<div class=\"e-con-inner\">\n\t\t<div class=\"elementor-element elementor-element-66d7e5df e-con-full e-flex e-con e-child\" data-id=\"66d7e5df\" data-element_type=\"container\" data-e-type=\"container\">\n\t\t\t\t<div class=\"elementor-element elementor-element-526a741d elementor-widget elementor-widget-image\" data-id=\"526a741d\" data-element_type=\"widget\" data-e-type=\"widget\" data-widget_type=\"image.default\">\n\t\t\t\t<div class=\"elementor-widget-container\">\n\t\t\t\t\t\t\t\t\t\t\t\t\t\t\t<img decoding=\"async\" src=\"https:\/\/hydrasearch.com\/wp-content\/uploads\/2024\/10\/Mission-Focused-copy.svg\" title=\"Mission Focused copy\" alt=\"Mission Focused copy\" loading=\"lazy\" \/>\t\t\t\t\t\t\t\t\t\t\t\t\t\t\t<\/div>\n\t\t\t\t<\/div>\n\t\t\t\t<\/div>\n\t\t\t\t\t<\/div>\n\t\t\t\t<\/div>\n\t\t\t\t\t\t\t\t<\/div>\n\t\t\t\t\t\t\t\t\t\t\t<div class=\"swiper-slide\" data-slide=\"2\" role=\"group\" aria-roledescription=\"slide\" aria-label=\"2 sur 4\">\n\t\t\t\t\t\t\t<div class=\"elementor-element elementor-element-164bd77c e-flex e-con-boxed e-con e-child\" data-id=\"164bd77c\" data-element_type=\"container\" data-e-type=\"container\">\n\t\t\t\t\t<div class=\"e-con-inner\">\n\t\t<div class=\"elementor-element elementor-element-5bb87fc5 e-con-full e-flex e-con e-child\" data-id=\"5bb87fc5\" data-element_type=\"container\" data-e-type=\"container\">\n\t\t\t\t<div class=\"elementor-element elementor-element-6d086e87 elementor-widget elementor-widget-image\" data-id=\"6d086e87\" data-element_type=\"widget\" data-e-type=\"widget\" data-widget_type=\"image.default\">\n\t\t\t\t<div class=\"elementor-widget-container\">\n\t\t\t\t\t\t\t\t\t\t\t\t\t\t\t<img decoding=\"async\" src=\"https:\/\/hydrasearch.com\/wp-content\/uploads\/2024\/10\/Defense-Grade-1.svg\" title=\"Defense Grade\" alt=\"Defense Grade\" loading=\"lazy\" \/>\t\t\t\t\t\t\t\t\t\t\t\t\t\t\t<\/div>\n\t\t\t\t<\/div>\n\t\t\t\t<\/div>\n\t\t\t\t\t<\/div>\n\t\t\t\t<\/div>\n\t\t\t\t\t\t\t\t<\/div>\n\t\t\t\t\t\t\t\t\t\t\t<div class=\"swiper-slide\" data-slide=\"3\" role=\"group\" aria-roledescription=\"slide\" aria-label=\"3 sur 4\">\n\t\t\t\t\t\t\t<div class=\"elementor-element elementor-element-4c955350 e-flex e-con-boxed e-con e-child\" data-id=\"4c955350\" data-element_type=\"container\" data-e-type=\"container\">\n\t\t\t\t\t<div class=\"e-con-inner\">\n\t\t<div class=\"elementor-element elementor-element-1d3ab4b4 e-con-full e-flex e-con e-child\" data-id=\"1d3ab4b4\" data-element_type=\"container\" data-e-type=\"container\">\n\t\t\t\t<div class=\"elementor-element elementor-element-69e74ad3 elementor-widget elementor-widget-image\" data-id=\"69e74ad3\" data-element_type=\"widget\" data-e-type=\"widget\" data-widget_type=\"image.default\">\n\t\t\t\t<div class=\"elementor-widget-container\">\n\t\t\t\t\t\t\t\t\t\t\t\t\t\t\t<img decoding=\"async\" src=\"https:\/\/hydrasearch.com\/wp-content\/uploads\/2024\/10\/Quality-Assurance.svg\" title=\"Quality Assurance\" alt=\"Quality Assurance\" loading=\"lazy\" \/>\t\t\t\t\t\t\t\t\t\t\t\t\t\t\t<\/div>\n\t\t\t\t<\/div>\n\t\t\t\t<\/div>\n\t\t\t\t\t<\/div>\n\t\t\t\t<\/div>\n\t\t\t\t\t\t\t\t<\/div>\n\t\t\t\t\t\t\t\t\t\t\t<div class=\"swiper-slide\" data-slide=\"4\" role=\"group\" aria-roledescription=\"slide\" aria-label=\"4 sur 4\">\n\t\t\t\t\t\t\t<div class=\"elementor-element elementor-element-4f1d34d6 e-flex e-con-boxed e-con e-child\" data-id=\"4f1d34d6\" data-element_type=\"container\" data-e-type=\"container\">\n\t\t\t\t\t<div class=\"e-con-inner\">\n\t\t<div class=\"elementor-element elementor-element-1371837b e-con-full e-flex e-con e-child\" data-id=\"1371837b\" data-element_type=\"container\" data-e-type=\"container\">\n\t\t\t\t<div class=\"elementor-element elementor-element-7e885e12 elementor-widget elementor-widget-image\" data-id=\"7e885e12\" data-element_type=\"widget\" data-e-type=\"widget\" data-widget_type=\"image.default\">\n\t\t\t\t<div class=\"elementor-widget-container\">\n\t\t\t\t\t\t\t\t\t\t\t\t\t\t\t<img decoding=\"async\" src=\"https:\/\/hydrasearch.com\/wp-content\/uploads\/2024\/10\/Innovative-Engineering.svg\" title=\"Innovative Engineering\" alt=\"Innovative Engineering\" loading=\"lazy\" \/>\t\t\t\t\t\t\t\t\t\t\t\t\t\t\t<\/div>\n\t\t\t\t<\/div>\n\t\t\t\t<\/div>\n\t\t\t\t\t<\/div>\n\t\t\t\t<\/div>\n\t\t\t\t\t\t\t\t<\/div>\n\t\t\t\t\t\t\t\t<\/div>\n\t\t<\/div>\n\t\t\t\t\t<div class=\"elementor-swiper-button elementor-swiper-button-prev\" role=\"button\" tabindex=\"0\" aria-label=\"Pr\u00e9c\u00e9dent\">\n\t\t\t\t<svg aria-hidden=\"true\" class=\"e-font-icon-svg e-eicon-chevron-left\" viewBox=\"0 0 1000 1000\" xmlns=\"http:\/\/www.w3.org\/2000\/svg\"><path d=\"M646 125C629 125 613 133 604 142L308 442C296 454 292 471 292 487 292 504 296 521 308 533L604 854C617 867 629 875 646 875 663 875 679 871 692 858 704 846 713 829 713 812 713 796 708 779 692 767L438 487 692 225C700 217 708 204 708 187 708 171 704 154 692 142 675 129 663 125 646 125Z\"><\/path><\/svg>\t\t\t<\/div>\n\t\t\t<div class=\"elementor-swiper-button elementor-swiper-button-next\" role=\"button\" tabindex=\"0\" aria-label=\"Suivant\">\n\t\t\t\t<svg aria-hidden=\"true\" class=\"e-font-icon-svg e-eicon-chevron-right\" viewBox=\"0 0 1000 1000\" xmlns=\"http:\/\/www.w3.org\/2000\/svg\"><path d=\"M696 533C708 521 713 504 713 487 713 471 708 454 696 446L400 146C388 133 375 125 354 125 338 125 325 129 313 142 300 154 292 171 292 187 292 204 296 221 308 233L563 492 304 771C292 783 288 800 288 817 288 833 296 850 308 863 321 871 338 875 354 875 371 875 388 867 400 854L696 533Z\"><\/path><\/svg>\t\t\t<\/div>\n\t\t\t\t\t\t<\/div>\n\t\t\t\t<\/div>\n\t\t\t\t\t<\/div>\n\t\t\t\t<\/div>\n\t\t\t\t\t<\/div>\n\t\t\t\t<\/div>\n\t\t\t\t<\/div>\n\t\t","protected":false},"excerpt":{"rendered":"<p>Actualit\u00e9s Restez inform\u00e9 des derni\u00e8res actualit\u00e9s, mises \u00e0 jour et \u00e9volutions chez Hydrasearch. Des lancements de produits et innovations aux analyses du secteur et aux \u00e9tapes importantes de l&rsquo;entreprise, notre page Actualit\u00e9s vous tient au courant de tout ce qui se passe dans notre univers. Que vous soyez client, partenaire ou professionnel du secteur, c&rsquo;est [&hellip;]<\/p>\n","protected":false},"author":1,"featured_media":0,"parent":0,"menu_order":0,"comment_status":"closed","ping_status":"closed","template":"","meta":{"_acf_changed":false,"footnotes":""},"class_list":["post-2412","page","type-page","status-publish","hentry"],"acf":[],"_links":{"self":[{"href":"https:\/\/hydrasearch.com\/fr\/wp-json\/wp\/v2\/pages\/2412","targetHints":{"allow":["GET"]}}],"collection":[{"href":"https:\/\/hydrasearch.com\/fr\/wp-json\/wp\/v2\/pages"}],"about":[{"href":"https:\/\/hydrasearch.com\/fr\/wp-json\/wp\/v2\/types\/page"}],"author":[{"embeddable":true,"href":"https:\/\/hydrasearch.com\/fr\/wp-json\/wp\/v2\/users\/1"}],"replies":[{"embeddable":true,"href":"https:\/\/hydrasearch.com\/fr\/wp-json\/wp\/v2\/comments?post=2412"}],"version-history":[{"count":0,"href":"https:\/\/hydrasearch.com\/fr\/wp-json\/wp\/v2\/pages\/2412\/revisions"}],"wp:attachment":[{"href":"https:\/\/hydrasearch.com\/fr\/wp-json\/wp\/v2\/media?parent=2412"}],"curies":[{"name":"wp","href":"https:\/\/api.w.org\/{rel}","templated":true}]}}